{"id":985,"date":"2022-05-13T11:30:23","date_gmt":"2022-05-13T11:30:23","guid":{"rendered":"https:\/\/bilbaosuites.com\/bilbao-park\/"},"modified":"2022-12-06T00:25:46","modified_gmt":"2022-12-06T00:25:46","slug":"bilbao-park","status":"publish","type":"page","link":"https:\/\/bilbaosuites.com\/fr\/bilbao-park\/","title":{"rendered":"Bilbao Park"},"content":{"rendered":"[vc_row row_type=&#8221;main-section&#8221; bauen_section_layout=&#8221;section_grid&#8221; bauen_df_padding_bottom=&#8221;section-padding2&#8243;][vc_column][vc_empty_space][vc_empty_space][wr_vc_section_heading title=&#8221;BILBAO `{`span`}` PARK `{`\/span`}`&#8221; title2=&#8221;Bauen&#8221;]H\u00e9bergement spectaculaire avec acc\u00e8s direct au garage, situ\u00e9 dans l\u2019un des meilleurs emplacements de la ville, au centre de la rue Henao, \u00e0 proximit\u00e9 de la place Jado. Il se trouve \u00e0 moins de cinq minutes \u00e0 pied du Mus\u00e9e Guggenheim et du Mus\u00e9e des Beaux-Arts, dans la zone o\u00f9 se trouvent certains des restaurants les plus classe de la ville. Cet immeuble a \u00e9t\u00e9 enti\u00e8rement r\u00e9nov\u00e9 en 2022 avec des mat\u00e9riaux chaleureux et de tr\u00e8s grande qualit\u00e9, embelli de fa\u00e7on fonctionnelle et \u00e9pur\u00e9e pour que les h\u00f4tes profitent d\u2019une atmosph\u00e8re tr\u00e8s accueillante, o\u00f9 chacune de ses trois chambres a \u00e9t\u00e9 d\u00e9cor\u00e9e avec certains des principaux attraits touristiques de la ville.<\/p>\n<p>La place de parking de Bilbao Park est grande et accessible par ascenseur\u2009; la place \u00e9tant \u00e0 quelques cinq minutes, pour ce que le confort et la discr\u00e9tion de cet h\u00e9bergement sont excellents.<\/p>\n<p style=\"text-align: right;\">LICENCE TOURISTIQUE EBI01576<\/p>\n[\/wr_vc_section_heading][\/vc_column][\/vc_row][vc_row row_type=&#8221;main-section&#8221; bauen_section_layout=&#8221;section_grid&#8221;][vc_column][wr_vc_section_heading title=&#8221;R\u00e9server \u00e0 `{`span`}` Bilbao Park `{`\/span`}`&#8221; animate=&#8221;yes&#8221; title2=&#8221;Services&#8221;][\/wr_vc_section_heading][vc_raw_html]JTVCaGZ5X2Jvb2tpbmdfc2VhcmNoJTVE[\/vc_raw_html][vc_empty_space height=&#8221;64px&#8221;][\/vc_column][\/vc_row][vc_row row_type=&#8221;main-section&#8221; bauen_section_layout=&#8221;section_grid&#8221; bauen_df_padding_bottom=&#8221;section-padding2&#8243;][vc_column][wr_vc_section_heading title=&#8221;`{`span`}` Galerie de photos`{`\/span`}`&#8221;]Bilbao Park dispose de trois chambres. La Guggenheim est la chambre principale, en suite, avec salle de bain priv\u00e9e, et lit double, tout comme la deuxi\u00e8me, la chambre San Mam\u00e9s. La troisi\u00e8me chambre, Sanpa, est une chambre avec deux lits gigognes. Il comprend une cuisine am\u00e9ricaine avec tous les \u00e9quipements, salle \u00e0 manger et salon. Toutes les chambres disposent de musique de fond d\u00e9connectable, afin de permettre de s\u00e9lectionner au choix de la musique dans chaque espace, de climatisation, de chauffage central r\u00e9glable et de Wifi.[\/wr_vc_section_heading][vc_row_inner][vc_column_inner][vc_media_grid gap=&#8221;10&#8243; grid_id=&#8221;vc_gid:1670286096908-b666dcb0-da87-0&#8243; include=&#8221;341,337,342,344,343,336,339,334,335,345,340,333&#8243;][\/vc_column_inner][\/vc_row_inner][\/vc_column][\/vc_row][vc_row row_type=&#8221;main-section&#8221; bauen_section_layout=&#8221;section_grid&#8221; bauen_df_padding_top=&#8221;section-padding1&#8243; bauen_df_padding_bottom=&#8221;section-padding2&#8243;][vc_column][wr_vc_section_heading title=&#8221;`{`span`}` NOS `{`\/span`}` SERVICES&#8221; title2=&#8221;Services&#8221;][\/wr_vc_section_heading][vc_row_inner][vc_column_inner width=&#8221;1\/2&#8243;][wr_vc_section_services icon_class=&#8221;far fa-user-tie&#8221; title=&#8221;Check in personnel&#8221;]Nous recevons personnellement les h\u00f4tes pour leur expliquer tout ce qu\u2019ils n\u00e9cessitent sur l\u2019h\u00e9bergement. Nos employ\u00e9s parlent l\u2019anglais et le fran\u00e7ais.[\/wr_vc_section_services][\/vc_column_inner][vc_column_inner width=&#8221;1\/2&#8243;][wr_vc_section_services icon_class=&#8221;far fa-mug-hot&#8221; title=&#8221;Petits d\u00e9jeuners&#8221;]\u00c0 leur arriv\u00e9e aux h\u00e9bergements, les h\u00f4tes trouveront toujours un panier petit d\u00e9jeuner avec les meilleurs produits.[\/wr_vc_section_services][\/vc_column_inner][\/vc_row_inner][vc_row_inner][vc_column_inner width=&#8221;1\/2&#8243;][wr_vc_section_services icon_class=&#8221;far fa-car-side&#8221; title=&#8221;Transferts priv\u00e9s&#8221;]Sur r\u00e9servation, nous disposons de voiture avec chauffeur pour vous d\u00e9placer dans notre r\u00e9gion et vous faire d\u00e9couvrir ses meilleurs endroits.[\/wr_vc_section_services][\/vc_column_inner][vc_column_inner width=&#8221;1\/2&#8243;][wr_vc_section_services icon_class=&#8221;far fa-plane&#8221; title=&#8221;Accueil \u00e0 l\u2019a\u00e9roport&#8221;]Si vous le d\u00e9sirez, nous pouvons venir vous chercher \u00e0 l\u2019a\u00e9roport et vous conduire jusqu\u2019aux h\u00e9bergements de Bilbao Suites.[\/wr_vc_section_services][\/vc_column_inner][\/vc_row_inner][\/vc_column][\/vc_row][vc_row row_type=&#8221;main-section&#8221; bauen_section_layout=&#8221;section_grid&#8221; bauen_df_padding_top=&#8221;section-padding1&#8243; bauen_df_padding_bottom=&#8221;section-padding2&#8243;][vc_column][wr_vc_section_heading title=&#8221;`{`span`}` NOS `{`\/span`}` STANDARDS&#8221; title2=&#8221;Services&#8221;][\/wr_vc_section_heading][vc_row_inner][vc_column_inner width=&#8221;1\/2&#8243;][wr_vc_section_services icon_class=&#8221;far fa-star-half-alt&#8221; title=&#8221;Exclusivit\u00e9&#8221;]Nous tenons \u00e0 votre disposition une \u00e9quipe de personnes qualifi\u00e9es dans le secteur, pr\u00eate \u00e0 vous accueillir \u00e0 tout moment pour rendre votre exp\u00e9rience \u00e0 Bilbao le plus agr\u00e9able possible.[\/wr_vc_section_services][\/vc_column_inner][vc_column_inner width=&#8221;1\/2&#8243;][wr_vc_section_services icon_class=&#8221;far fa-concierge-bell&#8221; title=&#8221;Personnalisation&#8221;]En fonctions des besoins des h\u00f4tes, nous pouvons personnaliser votre s\u00e9jour \u00e0 Bilbao comme vous le voulez (r\u00e9servations de restaurants, \u00e9v\u00e8nements, mus\u00e9es, etc.).[\/wr_vc_section_services][\/vc_column_inner][\/vc_row_inner][vc_row_inner][vc_column_inner width=&#8221;1\/2&#8243;][wr_vc_section_services icon_class=&#8221;far fa-map-marked-alt&#8221; title=&#8221;Emplacement&#8221;]Tous nos h\u00e9bergements de Bilbao Suites sont situ\u00e9s dans les meilleurs et plus centraux quartiers de la ville, pr\u00e8s des trois principales places de la m\u00e9tropole (place Campuzano, place Moyua et place Jado).[\/wr_vc_section_services][\/vc_column_inner][vc_column_inner width=&#8221;1\/2&#8243;][wr_vc_section_services icon_class=&#8221;far fa-diagnoses&#8221; title=&#8221;24-hour service&#8221;]Our team is available 24 hours a day, every day of the year, to help you with everything you need while you enjoy your stay in Bilbao.[\/wr_vc_section_services][\/vc_column_inner][\/vc_row_inner][\/vc_column][\/vc_row][vc_row row_type=&#8221;main-section&#8221; bauen_section_layout=&#8221;section_grid&#8221;][vc_column][wr_vc_section_heading title=&#8221;`{`span`}` NOS`{`\/span`}` \u00c9VALUATIONS&#8221; title2=&#8221;Services&#8221;][\/wr_vc_section_heading][wr_vc_section_services icon_class=&#8221;far fa-star&#8221; title=&#8221;DES H\u00c9BERGEMENTS CINQ \u00c9TOILES SELON LES AVIS DE NOS CLIENTS&#8221;][\/wr_vc_section_services][vc_raw_html]JTVCdHJ1c3RpbmRleCUyMG5vLXJlZ2lzdHJhdGlvbiUzRGdvb2dsZSU1RA==[\/vc_raw_html][\/vc_column][\/vc_row][vc_row row_type=&#8221;main-section&#8221; bauen_section_layout=&#8221;section_grid&#8221; bauen_df_padding_top=&#8221;section-padding1&#8243; bauen_df_padding_bottom=&#8221;section-padding2&#8243;][vc_column][vc_single_image image=&#8221;461&#8243; img_size=&#8221;full&#8221; alignment=&#8221;center&#8221;][\/vc_column][\/vc_row][vc_row row_type=&#8221;main-section&#8221; bauen_section_layout=&#8221;section_grid&#8221;][vc_column width=&#8221;1\/4&#8243;][wr_vc_section_services icon_class=&#8221;far fa-map-marker&#8221; title=&#8221;Emplacement&#8221;]Campo Volant\u00edn 17 bajo, 48007, Bilbao[\/wr_vc_section_services][\/vc_column][vc_column width=&#8221;1\/4&#8243;][wr_vc_section_services icon_class=&#8221;far fa-envelope&#8221; title=&#8221;COURRIER \u00c9LECTRONIQUE&#8221;]info@bilbaosuites.com[\/wr_vc_section_services][\/vc_column][vc_column width=&#8221;1\/4&#8243;][wr_vc_section_services icon_class=&#8221;far fa-comments&#8221; title=&#8221;WHATSAPP&#8221;]+34 664 05 66 72[\/wr_vc_section_services][\/vc_column][vc_column width=&#8221;1\/4&#8243;][wr_vc_section_services icon_class=&#8221;far fa-phone-alt&#8221; title=&#8221;T\u00c9L\u00c9PHONE&#8221;]+34 944 68 55 31[\/wr_vc_section_services][\/vc_column][\/vc_row][vc_row][vc_column width=&#8221;1\/3&#8243;][\/vc_column][vc_column width=&#8221;1\/3&#8243;][vc_column_text]\n<p style=\"text-align: center;\">Appartements r\u00e9alis\u00e9s par<\/p>\n[\/vc_column_text][vc_single_image image=&#8221;1075&#8243; img_size=&#8221;full&#8221; alignment=&#8221;center&#8221;][\/vc_column][vc_column width=&#8221;1\/3&#8243;][\/vc_column][\/vc_row]\n","protected":false},"excerpt":{"rendered":"<p>[vc_row row_type=&#8221;main-section&#8221; bauen_section_layout=&#8221;section_grid&#8221; bauen_df_padding_bottom=&#8221;section-padding2&#8243;][vc_column][vc_empty_space][vc_empty_space][wr_vc_section_heading title=&#8221;BILBAO `{`span`}` PARK `{`\/span`}`&#8221; title2=&#8221;Bauen&#8221;]H\u00e9bergement spectaculaire avec acc\u00e8s direct au garage, situ\u00e9 dans l\u2019un des meilleurs emplacements de la ville, au centre de la rue Henao, \u00e0 proximit\u00e9 de la place Jado. Il se trouve \u00e0 moins de cinq minutes \u00e0 pied du Mus\u00e9e Guggenheim et du Mus\u00e9e des Beaux-Arts, dans la zone o\u00f9 se trouvent&#8230;<\/p>\n","protected":false},"author":1,"featured_media":0,"parent":0,"menu_order":0,"comment_status":"closed","ping_status":"closed","template":"","meta":{"footnotes":"","_links_to":"","_links_to_target":""},"class_list":["post-985","page","type-page","status-publish","hentry"],"yoast_head":"<!-- This site is optimized with the Yoast SEO plugin v21.5 - https:\/\/yoast.com\/wordpress\/plugins\/seo\/ -->\n<title>Bilbao Park | Boutique Apartment \u00e0 Bilbao<\/title>\n<meta name=\"description\" content=\"Dans Bilbao Suites, nous vous proposons la location de vacances de logements uniques dans les quartiers les plus centraux de Bilbao.\" \/>\n<meta name=\"robots\" content=\"index, follow, max-snippet:-1, max-image-preview:large, max-video-preview:-1\" \/>\n<link rel=\"canonical\" href=\"https:\/\/bilbaosuites.com\/fr\/bilbao-park\/\" \/>\n<meta property=\"og:locale\" content=\"fr_FR\" \/>\n<meta property=\"og:type\" content=\"article\" \/>\n<meta property=\"og:title\" content=\"Bilbao Park | Boutique Apartment \u00e0 Bilbao\" \/>\n<meta property=\"og:description\" content=\"Dans Bilbao Suites, nous vous proposons la location de vacances de logements uniques dans les quartiers les plus centraux de Bilbao.\" \/>\n<meta property=\"og:url\" content=\"https:\/\/bilbaosuites.com\/fr\/bilbao-park\/\" \/>\n<meta property=\"og:site_name\" content=\"Bilbao Suites\" \/>\n<meta property=\"article:modified_time\" content=\"2022-12-06T00:25:46+00:00\" \/>\n<meta name=\"twitter:card\" content=\"summary_large_image\" \/>\n<meta name=\"twitter:label1\" content=\"Dur\u00e9e de lecture estim\u00e9e\" \/>\n\t<meta name=\"twitter:data1\" content=\"3 minutes\" \/>\n<script type=\"application\/ld+json\" class=\"yoast-schema-graph\">{\"@context\":\"https:\/\/schema.org\",\"@graph\":[{\"@type\":\"WebPage\",\"@id\":\"https:\/\/bilbaosuites.com\/fr\/bilbao-park\/\",\"url\":\"https:\/\/bilbaosuites.com\/fr\/bilbao-park\/\",\"name\":\"Bilbao Park | Boutique Apartment \u00e0 Bilbao\",\"isPartOf\":{\"@id\":\"https:\/\/bilbaosuites.com\/#website\"},\"datePublished\":\"2022-05-13T11:30:23+00:00\",\"dateModified\":\"2022-12-06T00:25:46+00:00\",\"description\":\"Dans Bilbao Suites, nous vous proposons la location de vacances de logements uniques dans les quartiers les plus centraux de Bilbao.\",\"breadcrumb\":{\"@id\":\"https:\/\/bilbaosuites.com\/fr\/bilbao-park\/#breadcrumb\"},\"inLanguage\":\"fr-FR\",\"potentialAction\":[{\"@type\":\"ReadAction\",\"target\":[\"https:\/\/bilbaosuites.com\/fr\/bilbao-park\/\"]}]},{\"@type\":\"BreadcrumbList\",\"@id\":\"https:\/\/bilbaosuites.com\/fr\/bilbao-park\/#breadcrumb\",\"itemListElement\":[{\"@type\":\"ListItem\",\"position\":1,\"name\":\"Portada\",\"item\":\"https:\/\/bilbaosuites.com\/fr\/\"},{\"@type\":\"ListItem\",\"position\":2,\"name\":\"Bilbao Park\"}]},{\"@type\":\"WebSite\",\"@id\":\"https:\/\/bilbaosuites.com\/#website\",\"url\":\"https:\/\/bilbaosuites.com\/\",\"name\":\"Bilbao Suites\",\"description\":\"Alojamientos de Lujo en Bilabo\",\"potentialAction\":[{\"@type\":\"SearchAction\",\"target\":{\"@type\":\"EntryPoint\",\"urlTemplate\":\"https:\/\/bilbaosuites.com\/?s={search_term_string}\"},\"query-input\":\"required name=search_term_string\"}],\"inLanguage\":\"fr-FR\"}]}<\/script>\n<!-- \/ Yoast SEO plugin. -->","yoast_head_json":{"title":"Bilbao Park | Boutique Apartment \u00e0 Bilbao","description":"Dans Bilbao Suites, nous vous proposons la location de vacances de logements uniques dans les quartiers les plus centraux de Bilbao.","robots":{"index":"index","follow":"follow","max-snippet":"max-snippet:-1","max-image-preview":"max-image-preview:large","max-video-preview":"max-video-preview:-1"},"canonical":"https:\/\/bilbaosuites.com\/fr\/bilbao-park\/","og_locale":"fr_FR","og_type":"article","og_title":"Bilbao Park | Boutique Apartment \u00e0 Bilbao","og_description":"Dans Bilbao Suites, nous vous proposons la location de vacances de logements uniques dans les quartiers les plus centraux de Bilbao.","og_url":"https:\/\/bilbaosuites.com\/fr\/bilbao-park\/","og_site_name":"Bilbao Suites","article_modified_time":"2022-12-06T00:25:46+00:00","twitter_card":"summary_large_image","twitter_misc":{"Dur\u00e9e de lecture estim\u00e9e":"3 minutes"},"schema":{"@context":"https:\/\/schema.org","@graph":[{"@type":"WebPage","@id":"https:\/\/bilbaosuites.com\/fr\/bilbao-park\/","url":"https:\/\/bilbaosuites.com\/fr\/bilbao-park\/","name":"Bilbao Park | Boutique Apartment \u00e0 Bilbao","isPartOf":{"@id":"https:\/\/bilbaosuites.com\/#website"},"datePublished":"2022-05-13T11:30:23+00:00","dateModified":"2022-12-06T00:25:46+00:00","description":"Dans Bilbao Suites, nous vous proposons la location de vacances de logements uniques dans les quartiers les plus centraux de Bilbao.","breadcrumb":{"@id":"https:\/\/bilbaosuites.com\/fr\/bilbao-park\/#breadcrumb"},"inLanguage":"fr-FR","potentialAction":[{"@type":"ReadAction","target":["https:\/\/bilbaosuites.com\/fr\/bilbao-park\/"]}]},{"@type":"BreadcrumbList","@id":"https:\/\/bilbaosuites.com\/fr\/bilbao-park\/#breadcrumb","itemListElement":[{"@type":"ListItem","position":1,"name":"Portada","item":"https:\/\/bilbaosuites.com\/fr\/"},{"@type":"ListItem","position":2,"name":"Bilbao Park"}]},{"@type":"WebSite","@id":"https:\/\/bilbaosuites.com\/#website","url":"https:\/\/bilbaosuites.com\/","name":"Bilbao Suites","description":"Alojamientos de Lujo en Bilabo","potentialAction":[{"@type":"SearchAction","target":{"@type":"EntryPoint","urlTemplate":"https:\/\/bilbaosuites.com\/?s={search_term_string}"},"query-input":"required name=search_term_string"}],"inLanguage":"fr-FR"}]}},"_links":{"self":[{"href":"https:\/\/bilbaosuites.com\/fr\/wp-json\/wp\/v2\/pages\/985","targetHints":{"allow":["GET"]}}],"collection":[{"href":"https:\/\/bilbaosuites.com\/fr\/wp-json\/wp\/v2\/pages"}],"about":[{"href":"https:\/\/bilbaosuites.com\/fr\/wp-json\/wp\/v2\/types\/page"}],"author":[{"embeddable":true,"href":"https:\/\/bilbaosuites.com\/fr\/wp-json\/wp\/v2\/users\/1"}],"replies":[{"embeddable":true,"href":"https:\/\/bilbaosuites.com\/fr\/wp-json\/wp\/v2\/comments?post=985"}],"version-history":[{"count":0,"href":"https:\/\/bilbaosuites.com\/fr\/wp-json\/wp\/v2\/pages\/985\/revisions"}],"wp:attachment":[{"href":"https:\/\/bilbaosuites.com\/fr\/wp-json\/wp\/v2\/media?parent=985"}],"curies":[{"name":"wp","href":"https:\/\/api.w.org\/{rel}","templated":true}]}}